{"id":39,"date":"2014-08-14T14:20:49","date_gmt":"2014-08-14T14:20:49","guid":{"rendered":"http:\/\/Bscentras.lt\/?page_id=39"},"modified":"2025-04-13T17:46:42","modified_gmt":"2025-04-13T14:46:42","slug":"kontaktai","status":"publish","type":"page","link":"https:\/\/bscentras.lt\/?page_id=39","title":{"rendered":"Kontaktai"},"content":{"rendered":"<p><a href=\"http:\/\/Bscentras.lt\/wp-content\/uploads\/2014\/08\/bsc-logo.gif\"><img loading=\"lazy\" decoding=\"async\" class=\"size-full wp-image-281 aligncenter\" src=\"http:\/\/Bscentras.lt\/wp-content\/uploads\/2014\/08\/bsc-logo.gif\" alt=\"\" width=\"263\" height=\"134\" \/><\/a><br \/>\n\u201eBrailio spausdintuv\u0173 centras&#8221; ma\u017eoji bendrija<\/p>\n<p>\u012emon\u0117s kodas: 302646663<\/p>\n<p>PVM kodas: LT100006277118<\/p>\n<p>Adresas: Krunio k. 4, Trak\u0173 rajonas<\/p>\n<p>Pa\u0161to kodas: LT-21267<\/p>\n<p>Bankas: AB SEB<\/p>\n<p>S\u0105skaita: LT04 7044 0600 0771 9383<\/p>\n<p>Banko kodas 70440<\/p>\n<p>Mobilus telefonas +370 60 19 15 34<\/p>\n<p>Elektroninis pa\u0161tas: <a href=\"mailto:info@bscentras.lt\">info[eta]bscentras.lt<\/a><\/p>\n<p>Tinklapis: <a href=\"http:\/\/www.bscentras.lt\">www.bscentras.lt<\/a><\/p>\n<p>Facebook: <a href=\"https:\/\/www.facebook.com\/bscentras\/\">https:\/\/www.facebook.com\/bscentras\/<\/a><\/p>\n","protected":false},"excerpt":{"rendered":"<p>\u201eBrailio spausdintuv\u0173 centras&#8221; ma\u017eoji bendrija \u012emon\u0117s kodas: 302646663 PVM kodas: LT100006277118 Adresas: Krunio k. 4, Trak\u0173 rajonas Pa\u0161to kodas: LT-21267 Bankas: AB SEB S\u0105skaita: LT04 7044 0600 0771 9383 Banko kodas 70440 Mobilus telefonas +370 60 19 15 34 Elektroninis pa\u0161tas: info[eta]bscentras.lt Tinklapis: www.bscentras.lt Facebook: https:\/\/www.facebook.com\/bscentras\/<\/p>\n","protected":false},"author":1,"featured_media":0,"parent":0,"menu_order":5,"comment_status":"closed","ping_status":"closed","template":"","meta":{"footnotes":""},"class_list":["post-39","page","type-page","status-publish","hentry"],"_links":{"self":[{"href":"https:\/\/bscentras.lt\/index.php?rest_route=\/wp\/v2\/pages\/39","targetHints":{"allow":["GET"]}}],"collection":[{"href":"https:\/\/bscentras.lt\/index.php?rest_route=\/wp\/v2\/pages"}],"about":[{"href":"https:\/\/bscentras.lt\/index.php?rest_route=\/wp\/v2\/types\/page"}],"author":[{"embeddable":true,"href":"https:\/\/bscentras.lt\/index.php?rest_route=\/wp\/v2\/users\/1"}],"replies":[{"embeddable":true,"href":"https:\/\/bscentras.lt\/index.php?rest_route=%2Fwp%2Fv2%2Fcomments&post=39"}],"version-history":[{"count":9,"href":"https:\/\/bscentras.lt\/index.php?rest_route=\/wp\/v2\/pages\/39\/revisions"}],"predecessor-version":[{"id":807,"href":"https:\/\/bscentras.lt\/index.php?rest_route=\/wp\/v2\/pages\/39\/revisions\/807"}],"wp:attachment":[{"href":"https:\/\/bscentras.lt\/index.php?rest_route=%2Fwp%2Fv2%2Fmedia&parent=39"}],"curies":[{"name":"wp","href":"https:\/\/api.w.org\/{rel}","templated":true}]}}