{"id":242,"date":"2016-12-20T09:52:26","date_gmt":"2016-12-20T06:52:26","guid":{"rendered":"http:\/\/Bscentras.lt\/?page_id=242"},"modified":"2021-10-04T21:20:51","modified_gmt":"2021-10-04T18:20:51","slug":"braillebox-v5","status":"publish","type":"page","link":"https:\/\/bscentras.lt\/?page_id=242","title":{"rendered":"BrailleBox V5"},"content":{"rendered":"<p style=\"text-align: center;\"><a href=\"http:\/\/Bscentras.lt\/wp-content\/uploads\/2016\/12\/Index-braille-box-v5-bsc.jpg\"><img loading=\"lazy\" decoding=\"async\" class=\"alignnone size-medium wp-image-260\" src=\"http:\/\/Bscentras.lt\/wp-content\/uploads\/2016\/12\/Index-braille-box-v5-bsc-283x300.jpg\" alt=\"\" width=\"283\" height=\"300\" srcset=\"https:\/\/bscentras.lt\/wp-content\/uploads\/2016\/12\/Index-braille-box-v5-bsc-283x300.jpg 283w, https:\/\/bscentras.lt\/wp-content\/uploads\/2016\/12\/Index-braille-box-v5-bsc-768x813.jpg 768w, https:\/\/bscentras.lt\/wp-content\/uploads\/2016\/12\/Index-braille-box-v5-bsc.jpg 816w\" sizes=\"auto, (max-width: 283px) 100vw, 283px\" \/><\/a><\/p>\n<ul>\n<li>900 puslapi\u0173\/val.<\/li>\n<li>Optimizuotas buklet\u0173 formatui<\/li>\n<li>Motorizuotas Brailio popieriaus padavimas<\/li>\n<li>Auk\u0161tos rai\u0161kos lyt\u0117jimo grafika<\/li>\n<li>Spausdinimas i\u0161 ne\u0161iojam\u0173j\u0173 \u012frengini\u0173<\/li>\n<\/ul>\n<p>BrailleBox V5 didel\u0117s spartos Brailio spausdintuvas. Jis yra optimizuotas gaminti Brailio ra\u0161tu<br \/>\nknygas, bukletus, formatu A3 arba 11&#215;17 coli\u0173. Kai 2011 metais buvo pristatytas V4 BrailleBox<br \/>\nspausdintuvas, jis buvo pastoviai techni\u0161kai tobulinamas. Nuo 2012 met\u0173 BrailleBox spausdintuvas<br \/>\nyra daugiausiai rinkoje parduota kaip gamybos spausdintuvas.<br \/>\nBrailleBox buvo apdovanotas penkiais tarptautiniais dizaino apdovanojimais. Jo puikus dizainas<br \/>\ndraugi\u0161kas kiekvienoje detal\u0117je. S\u0117kmingas BrailleBox dizainas su atvirais stikliniais plotais,<br \/>\n\u0161viesiomis ir tamsiomis spalvomis ir pa\u0161viestomis charakteringomis vietomis dabar yra \u012fgyvendinta<br \/>\nvisuose Index spausdintuvuose.<\/p>\n<p>Spausdintuvo techniniai duomenys:<\/p>\n<table id=\"techspecs\" class=\"list single-column-list\">\n<tbody>\n<tr class=\"techspec-category\">\n<th colspan=\"2\">\n<h3>Brailis<\/h3>\n<\/th>\n<\/tr>\n<tr class=\"techspec\">\n<td class=\"key\">\n<h4><strong>Spausdinimo greitis cps<\/strong><\/h4>\n<\/td>\n<td class=\"value\" style=\"text-align: center;\">300 cps<\/td>\n<\/tr>\n<tr class=\"techspec\">\n<td class=\"key\">\n<h4><strong>Spausdina ant vienos lapo pus\u0117s<br \/>\n<\/strong><\/h4>\n<\/td>\n<td class=\"value\"><img decoding=\"async\" class=\"aligncenter\" src=\"http:\/\/www.indexbraille.com\/Website\/Templates\/IndexBraille\/Theme\/Images\/list-style-check.png\" \/><\/td>\n<\/tr>\n<tr class=\"techspec\">\n<td class=\"key\">\n<h4><strong>Spausdina ant abiej\u0173 lapo pusi\u0173<\/strong><\/h4>\n<\/td>\n<td class=\"value\"><img decoding=\"async\" class=\"aligncenter\" src=\"http:\/\/www.indexbraille.com\/Website\/Templates\/IndexBraille\/Theme\/Images\/list-style-check.png\" \/><\/td>\n<\/tr>\n<tr class=\"techspec\">\n<td class=\"key\">\n<h4><strong>Vertikalus spausdinimas<br \/>\n<\/strong><\/h4>\n<\/td>\n<td class=\"value\"><img decoding=\"async\" class=\"aligncenter\" src=\"http:\/\/www.indexbraille.com\/Website\/Templates\/IndexBraille\/Theme\/Images\/list-style-check.png\" \/><\/td>\n<\/tr>\n<tr class=\"techspec\">\n<td class=\"key\">\n<h4><strong>Kei\u010diamas tarpas tarp eilu\u010di\u0173<br \/>\n<\/strong><\/h4>\n<\/td>\n<td class=\"value\"><img decoding=\"async\" class=\"aligncenter\" src=\"http:\/\/www.indexbraille.com\/Website\/Templates\/IndexBraille\/Theme\/Images\/list-style-check.png\" \/><\/td>\n<\/tr>\n<tr class=\"techspec\">\n<td class=\"key\">\n<h4><strong>Brailio raid\u0117s dydis<br \/>\n<\/strong><\/h4>\n<\/td>\n<td class=\"value\" style=\"text-align: center;\">2.5 mm<\/td>\n<\/tr>\n<tr class=\"techspec\">\n<td class=\"key\">\n<h4><strong>Lyt\u0117jimo (taktilin\u0117s) grafikos rezoliucija<br \/>\n<\/strong><\/h4>\n<\/td>\n<td class=\"value\" style=\"text-align: center;\">50 dpi<\/td>\n<\/tr>\n<tr class=\"techspec\">\n<td class=\"key\">\n<h4><strong>Ta\u0161ko formavimo technologija<br \/>\n<\/strong><\/h4>\n<\/td>\n<td class=\"value\" style=\"text-align: center;\">trys galvos su 13 metalini\u0173 plaktuk\u0173<\/td>\n<\/tr>\n<tr class=\"techspec-category\">\n<th colspan=\"2\">\n<h3>Jungtys<\/h3>\n<\/th>\n<\/tr>\n<tr class=\"techspec\">\n<td class=\"key\">\n<h4><strong>USB<\/strong><\/h4>\n<\/td>\n<td class=\"value\"><img decoding=\"async\" class=\"aligncenter\" src=\"http:\/\/www.indexbraille.com\/Website\/Templates\/IndexBraille\/Theme\/Images\/list-style-check.png\" \/><\/td>\n<\/tr>\n<tr class=\"techspec\">\n<td class=\"key\">\n<h4><strong><span id=\"result_box\" class=\"short_text\" lang=\"lt\"><span class=\"\">USB atminties kortel\u0117<\/span><\/span><\/strong><\/h4>\n<\/td>\n<td class=\"value\"><img decoding=\"async\" class=\"aligncenter\" src=\"http:\/\/www.indexbraille.com\/Website\/Templates\/IndexBraille\/Theme\/Images\/list-style-check.png\" \/><\/td>\n<\/tr>\n<tr class=\"techspec\">\n<td class=\"key\">\n<h4><strong>Wi-Fi tinklas<br \/>\n<\/strong><\/h4>\n<\/td>\n<td class=\"value\"><img decoding=\"async\" class=\"aligncenter\" src=\"http:\/\/www.indexbraille.com\/Website\/Templates\/IndexBraille\/Theme\/Images\/list-style-check.png\" \/><\/td>\n<\/tr>\n<tr class=\"techspec\">\n<td class=\"key\">\n<h4><strong>Interneto tinklas<br \/>\n<\/strong><\/h4>\n<\/td>\n<td class=\"value\"><img decoding=\"async\" class=\"aligncenter\" src=\"http:\/\/www.indexbraille.com\/Website\/Templates\/IndexBraille\/Theme\/Images\/list-style-check.png\" \/><\/td>\n<\/tr>\n<tr class=\"techspec\">\n<td class=\"key\">\n<h4><strong>Bluetooth<\/strong><\/h4>\n<\/td>\n<td class=\"value\"><img decoding=\"async\" class=\"aligncenter\" src=\"http:\/\/www.indexbraille.com\/Website\/Templates\/IndexBraille\/Theme\/Images\/list-style-check.png\" \/><\/td>\n<\/tr>\n<tr class=\"techspec\">\n<td class=\"key\">\n<h4><strong>Palaiko mobilius \u012frenginius<br \/>\n<\/strong><\/h4>\n<\/td>\n<td class=\"value\"><img decoding=\"async\" class=\"aligncenter\" src=\"http:\/\/www.indexbraille.com\/Website\/Templates\/IndexBraille\/Theme\/Images\/list-style-check.png\" \/><\/td>\n<\/tr>\n<tr class=\"techspec\">\n<td class=\"key\">\n<h4><strong>Spausdintuvo tvarkykl\u0117s Windows operacinei sistemai<br \/>\n<\/strong><\/h4>\n<\/td>\n<td class=\"value\"><img decoding=\"async\" class=\"aligncenter\" src=\"http:\/\/www.indexbraille.com\/Website\/Templates\/IndexBraille\/Theme\/Images\/list-style-check.png\" \/><\/td>\n<\/tr>\n<tr class=\"techspec\">\n<td class=\"key\">\n<h4><strong>Spausdintuvo tvarkykl\u0117 Mac operacinei sistemai<\/strong><\/h4>\n<\/td>\n<td class=\"value\"><img decoding=\"async\" class=\"aligncenter\" src=\"http:\/\/www.indexbraille.com\/Website\/Templates\/IndexBraille\/Theme\/Images\/list-style-check.png\" \/><\/td>\n<\/tr>\n<tr class=\"techspec\">\n<td class=\"key\">\n<h4><strong>Spausdintuvo tvarkykl\u0117 Linux operacinei sistemai<br \/>\n<\/strong><\/h4>\n<\/td>\n<td class=\"value\"><img decoding=\"async\" class=\"aligncenter\" src=\"http:\/\/www.indexbraille.com\/Website\/Templates\/IndexBraille\/Theme\/Images\/list-style-check.png\" \/><\/td>\n<\/tr>\n<tr class=\"techspec\">\n<td class=\"key\">\n<h4><strong>Web s\u0105saja<\/strong><\/h4>\n<\/td>\n<td class=\"value\"><img decoding=\"async\" class=\"aligncenter\" src=\"http:\/\/www.indexbraille.com\/Website\/Templates\/IndexBraille\/Theme\/Images\/list-style-check.png\" \/><\/td>\n<\/tr>\n<tr class=\"techspec\">\n<td class=\"key\">\n<h4><strong>Nemokamas programin\u0117s \u012frangos atnaujinimas<br \/>\n<\/strong><\/h4>\n<\/td>\n<td class=\"value\"><img decoding=\"async\" class=\"aligncenter\" src=\"http:\/\/www.indexbraille.com\/Website\/Templates\/IndexBraille\/Theme\/Images\/list-style-check.png\" \/><\/td>\n<\/tr>\n<tr class=\"techspec\">\n<td class=\"key\">\n<h4><strong>Palaiko idB<\/strong><\/h4>\n<\/td>\n<td class=\"value\"><img decoding=\"async\" class=\"aligncenter\" src=\"http:\/\/www.indexbraille.com\/Website\/Templates\/IndexBraille\/Theme\/Images\/list-style-check.png\" \/><\/td>\n<\/tr>\n<tr class=\"techspec-category\">\n<th colspan=\"2\">\n<h3>Elektra<\/h3>\n<\/th>\n<\/tr>\n<tr class=\"techspec\">\n<td class=\"key\">\n<h4><strong>\u012etampa<\/strong><\/h4>\n<\/td>\n<td class=\"value\" style=\"text-align: center;\">100-240 V AC<\/td>\n<\/tr>\n<tr class=\"techspec\">\n<td class=\"key\">\n<h4><strong>Did\u017eiausias galingumas<\/strong><\/h4>\n<\/td>\n<td class=\"value\" style=\"text-align: center;\">400 W<\/td>\n<\/tr>\n<tr class=\"techspec\">\n<td class=\"key\">\n<h4><strong>Galingumas &#8220;miego&#8221; re\u017eimu<br \/>\n<\/strong><\/h4>\n<\/td>\n<td class=\"value\" style=\"text-align: center;\">5 W<\/td>\n<\/tr>\n<tr class=\"techspec\">\n<td class=\"key\">\n<h4><strong>Bud\u0117jimo re\u017eimu<br \/>\n<\/strong><\/h4>\n<\/td>\n<td class=\"value\" style=\"text-align: center;\">1 W<\/td>\n<\/tr>\n<tr class=\"techspec\">\n<td class=\"key\">\n<h4><strong>Mygtukas prietaiso \u012fjungimui<br \/>\n<\/strong><\/h4>\n<\/td>\n<td class=\"value\"><img decoding=\"async\" class=\"aligncenter\" src=\"http:\/\/www.indexbraille.com\/Website\/Templates\/IndexBraille\/Theme\/Images\/list-style-check.png\" \/><\/td>\n<\/tr>\n<tr class=\"techspec-category\">\n<th colspan=\"2\">\n<h3>Kiti duomenys<\/h3>\n<\/th>\n<\/tr>\n<tr class=\"techspec\">\n<td class=\"key\">\n<h4><strong>Garantija<\/strong><\/h4>\n<\/td>\n<td class=\"value\" style=\"text-align: center;\">2 metai<\/td>\n<\/tr>\n<tr class=\"techspec\">\n<td class=\"key\">\n<h4><strong>cps\/1000 USD<\/strong><\/h4>\n<\/td>\n<td class=\"value\" style=\"text-align: center;\">19<\/td>\n<\/tr>\n<tr class=\"techspec-category\">\n<th colspan=\"2\">\n<h3>I\u0161matavimai<\/h3>\n<\/th>\n<\/tr>\n<tr class=\"techspec\">\n<td class=\"key\">\n<h4><strong>Auk\u0161tis<\/strong><\/h4>\n<\/td>\n<td class=\"value\" style=\"text-align: center;\">56 cm<\/td>\n<\/tr>\n<tr class=\"techspec\">\n<td class=\"key\">\n<h4><strong>Plotis<\/strong><\/h4>\n<\/td>\n<td class=\"value\" style=\"text-align: center;\">72 cm<\/td>\n<\/tr>\n<tr class=\"techspec\">\n<td class=\"key\">\n<h4><strong>Ilgis<br \/>\n<\/strong><\/h4>\n<\/td>\n<td class=\"value\" style=\"text-align: center;\">90 cm<\/td>\n<\/tr>\n<tr class=\"techspec\">\n<td class=\"key\">\n<h4><strong>T\u016bris<\/strong><\/h4>\n<\/td>\n<td class=\"value\" style=\"text-align: center;\">363 dm<sup>3<\/sup><\/td>\n<\/tr>\n<tr class=\"techspec\">\n<td class=\"key\">\n<h4><strong>Svoris<\/strong><\/h4>\n<\/td>\n<td class=\"value\" style=\"text-align: center;\">68 kg<\/td>\n<\/tr>\n<tr class=\"techspec\">\n<td class=\"key\">\n<h4><strong>Triuk\u0161mo lygis<br \/>\n<\/strong><\/h4>\n<\/td>\n<td class=\"value\" style=\"text-align: center;\">60 dB(A)<\/td>\n<\/tr>\n<tr class=\"techspec-category\">\n<th colspan=\"2\">\n<h3>Popierius<\/h3>\n<\/th>\n<\/tr>\n<tr class=\"techspec\">\n<td class=\"key\">\n<h4><strong>Perforuotam popieriui<br \/>\n<\/strong><\/h4>\n<\/td>\n<td class=\"value\">\n<p style=\"text-align: center;\">&#8211;<\/p>\n<\/td>\n<\/tr>\n<tr class=\"techspec\">\n<td class=\"key\">\n<h4><strong>Popierius lapais<br \/>\n<\/strong><\/h4>\n<\/td>\n<td class=\"value\"><img decoding=\"async\" class=\"aligncenter\" src=\"http:\/\/www.indexbraille.com\/Website\/Templates\/IndexBraille\/Theme\/Images\/list-style-check.png\" \/><\/td>\n<\/tr>\n<tr class=\"techspec\">\n<td class=\"key\">\n<h4><strong>Popierius i\u0161 rulono<br \/>\n<\/strong><\/h4>\n<\/td>\n<td class=\"value\">\n<p style=\"text-align: center;\">&#8211;<\/p>\n<\/td>\n<\/tr>\n<tr class=\"techspec\">\n<td class=\"key\">\n<h4><strong>Popieriaus tiektuvo talpa<br \/>\n<\/strong><\/h4>\n<\/td>\n<td class=\"value\" style=\"text-align: center;\">400 lap\u0173<\/td>\n<\/tr>\n<tr class=\"techspec\">\n<td class=\"key\">\n<h4><strong>Popieriaus svoris<br \/>\n<\/strong><\/h4>\n<\/td>\n<td class=\"value\" style=\"text-align: center;\">120-180 g\/m2<\/td>\n<\/tr>\n<tr class=\"techspec\">\n<td class=\"key\">\n<h4><strong>Popieriaus plotis<br \/>\n<\/strong><\/h4>\n<\/td>\n<td class=\"value\" style=\"text-align: center;\">250-297 mm (A3)<\/td>\n<\/tr>\n<tr class=\"techspec\">\n<td class=\"key\">\n<h4><strong>Popieriaus ilgis<br \/>\n<\/strong><\/h4>\n<\/td>\n<td class=\"value\" style=\"text-align: center;\">353-420 mm<\/td>\n<\/tr>\n<tr class=\"techspec\">\n<td class=\"key\">\n<h4><strong>Kei\u010diamas lapo dysis<br \/>\n<\/strong><\/h4>\n<\/td>\n<td class=\"value\"><img decoding=\"async\" class=\"aligncenter\" src=\"http:\/\/www.indexbraille.com\/Website\/Templates\/IndexBraille\/Theme\/Images\/list-style-check.png\" \/><\/td>\n<\/tr>\n<tr class=\"techspec\">\n<td class=\"key\">\n<h4><strong>Nekei\u010diamas popieriaus dydis<br \/>\n<\/strong><\/h4>\n<\/td>\n<td class=\"value\">\n<p style=\"text-align: center;\">&#8211;<\/p>\n<\/td>\n<\/tr>\n<\/tbody>\n<\/table>\n","protected":false},"excerpt":{"rendered":"<p>900 puslapi\u0173\/val. Optimizuotas buklet\u0173 formatui Motorizuotas Brailio popieriaus padavimas Auk\u0161tos rai\u0161kos lyt\u0117jimo grafika Spausdinimas i\u0161 ne\u0161iojam\u0173j\u0173 \u012frengini\u0173 BrailleBox V5 didel\u0117s spartos Brailio spausdintuvas. Jis yra optimizuotas gaminti Brailio ra\u0161tu knygas, bukletus, formatu A3 arba 11&#215;17 coli\u0173. Kai 2011 metais buvo pristatytas V4 BrailleBox spausdintuvas, jis buvo pastoviai techni\u0161kai tobulinamas. Nuo 2012 met\u0173 BrailleBox spausdintuvas yra &hellip; <a href=\"https:\/\/bscentras.lt\/?page_id=242\" class=\"more-link\">Continue reading <span class=\"screen-reader-text\">BrailleBox V5<\/span> <span class=\"meta-nav\">&rarr;<\/span><\/a><\/p>\n","protected":false},"author":1,"featured_media":0,"parent":42,"menu_order":0,"comment_status":"closed","ping_status":"closed","template":"","meta":{"footnotes":""},"class_list":["post-242","page","type-page","status-publish","hentry"],"_links":{"self":[{"href":"https:\/\/bscentras.lt\/index.php?rest_route=\/wp\/v2\/pages\/242","targetHints":{"allow":["GET"]}}],"collection":[{"href":"https:\/\/bscentras.lt\/index.php?rest_route=\/wp\/v2\/pages"}],"about":[{"href":"https:\/\/bscentras.lt\/index.php?rest_route=\/wp\/v2\/types\/page"}],"author":[{"embeddable":true,"href":"https:\/\/bscentras.lt\/index.php?rest_route=\/wp\/v2\/users\/1"}],"replies":[{"embeddable":true,"href":"https:\/\/bscentras.lt\/index.php?rest_route=%2Fwp%2Fv2%2Fcomments&post=242"}],"version-history":[{"count":4,"href":"https:\/\/bscentras.lt\/index.php?rest_route=\/wp\/v2\/pages\/242\/revisions"}],"predecessor-version":[{"id":273,"href":"https:\/\/bscentras.lt\/index.php?rest_route=\/wp\/v2\/pages\/242\/revisions\/273"}],"up":[{"embeddable":true,"href":"https:\/\/bscentras.lt\/index.php?rest_route=\/wp\/v2\/pages\/42"}],"wp:attachment":[{"href":"https:\/\/bscentras.lt\/index.php?rest_route=%2Fwp%2Fv2%2Fmedia&parent=242"}],"curies":[{"name":"wp","href":"https:\/\/api.w.org\/{rel}","templated":true}]}}