{"id":239,"date":"2016-12-20T09:50:40","date_gmt":"2016-12-20T06:50:40","guid":{"rendered":"http:\/\/Bscentras.lt\/?page_id=239"},"modified":"2021-10-04T21:21:02","modified_gmt":"2021-10-04T18:21:02","slug":"everest-d-v5","status":"publish","type":"page","link":"https:\/\/bscentras.lt\/?page_id=239","title":{"rendered":"Everest-D V5"},"content":{"rendered":"<p style=\"text-align: center;\"><a href=\"http:\/\/Bscentras.lt\/wp-content\/uploads\/2016\/12\/Index-everest-v5-bsc-1.jpg\"><img loading=\"lazy\" decoding=\"async\" class=\"alignnone size-medium wp-image-255\" src=\"http:\/\/Bscentras.lt\/wp-content\/uploads\/2016\/12\/Index-everest-v5-bsc-1-242x300.jpg\" alt=\"\" width=\"242\" height=\"300\" srcset=\"https:\/\/bscentras.lt\/wp-content\/uploads\/2016\/12\/Index-everest-v5-bsc-1-242x300.jpg 242w, https:\/\/bscentras.lt\/wp-content\/uploads\/2016\/12\/Index-everest-v5-bsc-1.jpg 736w\" sizes=\"auto, (max-width: 242px) 100vw, 242px\" \/><\/a><\/p>\n<ul>\n<li>U\u017e 400 puslapi\u0173\/val.<\/li>\n<li>Auk\u0161tos rai\u0161kos lyt\u0117jimo grafika<\/li>\n<li>Automatinis bro\u0161i\u016bros spausdinimas<\/li>\n<li>Vartotojo popieriaus dyd\u017eio nustatymas<\/li>\n<li>Spausdinimas i\u0161 ne\u0161iojam\u0173j\u0173 \u012frengini\u0173<\/li>\n<\/ul>\n<p>Everest-D V5 patenkina plat\u0173 vartotoj\u0173 rat\u0105, nuo asmeninio vartojimo iki stambios Brailio gamybos. Jau kelis de\u0161imtme\u010dius Everest-D buvo daugiausiai parduodamas kaip lak\u0161tinio popieriaus Brailio spausdintuvas rinkoje.<br \/>\nSu reguliuojamu popieriaus tiektuvu ir vartotojo nustatomu popieriaus formatu, Everest-D gali spausti beveik ant bet kokio Brailio tipo popieriaus, vizitini\u0173 korteli\u0173, etike\u010di\u0173 ar plono plastiko.<br \/>\nJo unikalus popieriaus tiektuvas u\u017etikrina stabilum\u0105 popieriaus padavim\u0105. I\u0161bandykite vien\u0105 i\u0161 populiariausi\u0173 spausdintuv\u0173.<\/p>\n<p>Spausdintuvo techniniai duomenys:<\/p>\n<table id=\"techspecs\" class=\"list single-column-list\">\n<tbody>\n<tr class=\"techspec-category\">\n<th colspan=\"2\">\n<h3>Brailis<\/h3>\n<\/th>\n<\/tr>\n<tr class=\"techspec\">\n<td class=\"key\">\n<h4><strong>Spausdinimo greitis, Simboli\u0173 Per Sekund\u0119<span id=\"result_box\" class=\"short_text\" lang=\"en\"><\/span><br \/>\n<\/strong><\/h4>\n<\/td>\n<td class=\"value\" style=\"text-align: center;\">110 sps<\/td>\n<\/tr>\n<tr class=\"techspec\">\n<td class=\"key\">\n<h4><strong>Spausdina ant vienos lapo pus\u0117s<br \/>\n<\/strong><\/h4>\n<\/td>\n<td class=\"value\"><img decoding=\"async\" class=\"aligncenter\" src=\"http:\/\/www.indexbraille.com\/Website\/Templates\/IndexBraille\/Theme\/Images\/list-style-check.png\" \/><\/td>\n<\/tr>\n<tr class=\"techspec\">\n<td class=\"key\">\n<h4><strong>Spausdina ant abiej\u0173 lapo pusi\u0173<\/strong><\/h4>\n<\/td>\n<td class=\"value\"><img decoding=\"async\" class=\"aligncenter\" src=\"http:\/\/www.indexbraille.com\/Website\/Templates\/IndexBraille\/Theme\/Images\/list-style-check.png\" \/><\/td>\n<\/tr>\n<tr class=\"techspec\">\n<td class=\"key\">\n<h4><strong>Vertikalus spausdinimas<br \/>\n<\/strong><\/h4>\n<\/td>\n<td class=\"value\"><img decoding=\"async\" class=\"aligncenter\" src=\"http:\/\/www.indexbraille.com\/Website\/Templates\/IndexBraille\/Theme\/Images\/list-style-check.png\" \/><\/td>\n<\/tr>\n<tr class=\"techspec\">\n<td class=\"key\">\n<h4><strong>Kei\u010diamas tarpas tarp eilu\u010di\u0173<br \/>\n<\/strong><\/h4>\n<\/td>\n<td class=\"value\"><img decoding=\"async\" class=\"aligncenter\" src=\"http:\/\/www.indexbraille.com\/Website\/Templates\/IndexBraille\/Theme\/Images\/list-style-check.png\" \/><\/td>\n<\/tr>\n<tr class=\"techspec\">\n<td class=\"key\">\n<h4><strong>Brailio raid\u0117s dydis<br \/>\n<\/strong><\/h4>\n<\/td>\n<td class=\"value\" style=\"text-align: center;\">2.2, 2.5, 3.2 mm<\/td>\n<\/tr>\n<tr class=\"techspec\">\n<td class=\"key\">\n<h4><strong>Lyt\u0117jimo (taktilin\u0117s) grafikos rezoliucija<br \/>\n<\/strong><\/h4>\n<\/td>\n<td class=\"value\" style=\"text-align: center;\">100 dpi<\/td>\n<\/tr>\n<tr class=\"techspec\">\n<td class=\"key\">\n<h4><strong>Ta\u0161ko formavimo technologija<br \/>\n<\/strong><\/h4>\n<\/td>\n<td class=\"value\" style=\"text-align: center;\">13 metalini\u0173 plaktuk\u0173<\/td>\n<\/tr>\n<tr class=\"techspec\">\n<td class=\"key\">\n<h4><strong>Papildoma informacija<br \/>\n<\/strong><\/h4>\n<\/td>\n<td class=\"value\">\n<ul>\n<li>interpoint [standartinis braillis] and interline [w\/ 2.2 mm raid\u0117] \u012fmanomas<\/li>\n<\/ul>\n<\/td>\n<\/tr>\n<tr class=\"techspec-category\">\n<th colspan=\"2\">\n<h3>Jungtys<\/h3>\n<\/th>\n<\/tr>\n<tr class=\"techspec\">\n<td class=\"key\">\n<h4><strong>USB<\/strong><\/h4>\n<\/td>\n<td class=\"value\"><img decoding=\"async\" class=\"aligncenter\" src=\"http:\/\/www.indexbraille.com\/Website\/Templates\/IndexBraille\/Theme\/Images\/list-style-check.png\" \/><\/td>\n<\/tr>\n<tr class=\"techspec\">\n<td class=\"key\">\n<h4><strong><span id=\"result_box\" class=\"short_text\" lang=\"lt\"><span class=\"\">USB atminties kortel\u0117<\/span><\/span><\/strong><\/h4>\n<\/td>\n<td class=\"value\"><img decoding=\"async\" class=\"aligncenter\" src=\"http:\/\/www.indexbraille.com\/Website\/Templates\/IndexBraille\/Theme\/Images\/list-style-check.png\" \/><\/td>\n<\/tr>\n<tr class=\"techspec\">\n<td class=\"key\">\n<h4><strong>Wi-Fi tinklas<br \/>\n<\/strong><\/h4>\n<\/td>\n<td class=\"value\"><img decoding=\"async\" class=\"aligncenter\" src=\"http:\/\/www.indexbraille.com\/Website\/Templates\/IndexBraille\/Theme\/Images\/list-style-check.png\" \/><\/td>\n<\/tr>\n<tr class=\"techspec\">\n<td class=\"key\">\n<h4><strong>Interneto tinklas<br \/>\n<\/strong><\/h4>\n<\/td>\n<td class=\"value\"><img decoding=\"async\" class=\"aligncenter\" src=\"http:\/\/www.indexbraille.com\/Website\/Templates\/IndexBraille\/Theme\/Images\/list-style-check.png\" \/><\/td>\n<\/tr>\n<tr class=\"techspec\">\n<td class=\"key\">\n<h4><strong>Bluetooth<\/strong><\/h4>\n<\/td>\n<td class=\"value\"><img decoding=\"async\" class=\"aligncenter\" src=\"http:\/\/www.indexbraille.com\/Website\/Templates\/IndexBraille\/Theme\/Images\/list-style-check.png\" \/><\/td>\n<\/tr>\n<tr class=\"techspec\">\n<td class=\"key\">\n<h4><strong>Palaiko mobilius \u012frenginius<br \/>\n<\/strong><\/h4>\n<\/td>\n<td class=\"value\"><img decoding=\"async\" class=\"aligncenter\" src=\"http:\/\/www.indexbraille.com\/Website\/Templates\/IndexBraille\/Theme\/Images\/list-style-check.png\" \/><\/td>\n<\/tr>\n<tr class=\"techspec\">\n<td class=\"key\">\n<h4><strong>Spausdintuvo tvarkykl\u0117s Windows operacinei sistemai<br \/>\n<\/strong><\/h4>\n<\/td>\n<td class=\"value\"><img decoding=\"async\" class=\"aligncenter\" src=\"http:\/\/www.indexbraille.com\/Website\/Templates\/IndexBraille\/Theme\/Images\/list-style-check.png\" \/><\/td>\n<\/tr>\n<tr class=\"techspec\">\n<td class=\"key\">\n<h4><strong>Spausdintuvo tvarkykl\u0117 Mac operacinei sistemai<\/strong><\/h4>\n<\/td>\n<td class=\"value\"><img decoding=\"async\" class=\"aligncenter\" src=\"http:\/\/www.indexbraille.com\/Website\/Templates\/IndexBraille\/Theme\/Images\/list-style-check.png\" \/><\/td>\n<\/tr>\n<tr class=\"techspec\">\n<td class=\"key\">\n<h4><strong>Spausdintuvo tvarkykl\u0117 Linux operacinei sistemai<br \/>\n<\/strong><\/h4>\n<\/td>\n<td class=\"value\"><img decoding=\"async\" class=\"aligncenter\" src=\"http:\/\/www.indexbraille.com\/Website\/Templates\/IndexBraille\/Theme\/Images\/list-style-check.png\" \/><\/td>\n<\/tr>\n<tr class=\"techspec\">\n<td class=\"key\">\n<h4><strong>Web s\u0105saja<\/strong><\/h4>\n<\/td>\n<td class=\"value\"><img decoding=\"async\" class=\"aligncenter\" src=\"http:\/\/www.indexbraille.com\/Website\/Templates\/IndexBraille\/Theme\/Images\/list-style-check.png\" \/><\/td>\n<\/tr>\n<tr class=\"techspec\">\n<td class=\"key\">\n<h4><strong>Nemokamas programin\u0117s \u012frangos atnaujinimas<br \/>\n<\/strong><\/h4>\n<\/td>\n<td class=\"value\"><img decoding=\"async\" class=\"aligncenter\" src=\"http:\/\/www.indexbraille.com\/Website\/Templates\/IndexBraille\/Theme\/Images\/list-style-check.png\" \/><\/td>\n<\/tr>\n<tr class=\"techspec\">\n<td class=\"key\">\n<h4><strong>Palaiko idB<\/strong><\/h4>\n<\/td>\n<td class=\"value\"><img decoding=\"async\" class=\"aligncenter\" src=\"http:\/\/www.indexbraille.com\/Website\/Templates\/IndexBraille\/Theme\/Images\/list-style-check.png\" \/><\/td>\n<\/tr>\n<tr class=\"techspec-category\">\n<th colspan=\"2\">\n<h3>Elektra<\/h3>\n<\/th>\n<\/tr>\n<tr class=\"techspec\">\n<td class=\"key\">\n<h4><strong>\u012etampa<\/strong><\/h4>\n<\/td>\n<td class=\"value\" style=\"text-align: center;\">100-240 V AC<\/td>\n<\/tr>\n<tr class=\"techspec\">\n<td class=\"key\">\n<h4><strong>Did\u017eiausias galingumas<\/strong><\/h4>\n<\/td>\n<td class=\"value\" style=\"text-align: center;\">140 W<\/td>\n<\/tr>\n<tr class=\"techspec\">\n<td class=\"key\">\n<h4><strong>Galingumas &#8220;miego&#8221; re\u017eimu<br \/>\n<\/strong><\/h4>\n<\/td>\n<td class=\"value\" style=\"text-align: center;\">5 W<\/td>\n<\/tr>\n<tr class=\"techspec\">\n<td class=\"key\">\n<h4><strong>Bud\u0117jimo re\u017eimu<br \/>\n<\/strong><\/h4>\n<\/td>\n<td class=\"value\" style=\"text-align: center;\">0.05 W<\/td>\n<\/tr>\n<tr class=\"techspec\">\n<td class=\"key\">\n<h4><strong>Mygtukas prietaiso \u012fjungimui<br \/>\n<\/strong><\/h4>\n<\/td>\n<td class=\"value\"><img decoding=\"async\" class=\"aligncenter\" src=\"http:\/\/www.indexbraille.com\/Website\/Templates\/IndexBraille\/Theme\/Images\/list-style-check.png\" \/><\/td>\n<\/tr>\n<tr class=\"techspec-category\">\n<th colspan=\"2\">\n<h3>Kiti duomenys<\/h3>\n<\/th>\n<\/tr>\n<tr class=\"techspec\">\n<td class=\"key\">\n<h4><strong>Garantija<\/strong><\/h4>\n<\/td>\n<td class=\"value\" style=\"text-align: center;\">2 metai<\/td>\n<\/tr>\n<tr class=\"techspec\">\n<td class=\"key\">\n<h4><strong>cps\/1000 USD<\/strong><\/h4>\n<\/td>\n<td class=\"value\" style=\"text-align: center;\">25<\/td>\n<\/tr>\n<tr class=\"techspec-category\">\n<th colspan=\"2\">\n<h3>I\u0161matavimai<\/h3>\n<\/th>\n<\/tr>\n<tr class=\"techspec\">\n<td class=\"key\">\n<h4><strong>Auk\u0161tis<\/strong><\/h4>\n<\/td>\n<td class=\"value\" style=\"text-align: center;\">45 cm<\/td>\n<\/tr>\n<tr class=\"techspec\">\n<td class=\"key\">\n<h4><strong>Plotis<\/strong><\/h4>\n<\/td>\n<td class=\"value\" style=\"text-align: center;\">56 cm<\/td>\n<\/tr>\n<tr class=\"techspec\">\n<td class=\"key\">\n<h4><strong>Ilgis<br \/>\n<\/strong><\/h4>\n<\/td>\n<td class=\"value\" style=\"text-align: center;\">18 cm<\/td>\n<\/tr>\n<tr class=\"techspec\">\n<td class=\"key\">\n<h4><strong>T\u016bris<\/strong><\/h4>\n<\/td>\n<td class=\"value\" style=\"text-align: center;\">45.36 dm<sup>3<\/sup><\/td>\n<\/tr>\n<tr class=\"techspec\">\n<td class=\"key\">\n<h4><strong>Svoris<\/strong><\/h4>\n<\/td>\n<td class=\"value\" style=\"text-align: center;\">12 kg<\/td>\n<\/tr>\n<tr class=\"techspec\">\n<td class=\"key\">\n<h4><strong>Triuk\u0161mo lygis<br \/>\n<\/strong><\/h4>\n<\/td>\n<td class=\"value\" style=\"text-align: center;\">80 dB(A)<\/td>\n<\/tr>\n<tr class=\"techspec\">\n<td class=\"key\">\n<h4><strong>Triuk\u0161mo lygis<\/strong> su akustine spinta<\/h4>\n<\/td>\n<td class=\"value\" style=\"text-align: center;\">60 dB(A)<\/td>\n<\/tr>\n<tr class=\"techspec-category\">\n<th colspan=\"2\">\n<h3>Popierius<\/h3>\n<\/th>\n<\/tr>\n<tr class=\"techspec\">\n<td class=\"key\">\n<h4><strong>Perforuotam popieriui<br \/>\n<\/strong><\/h4>\n<\/td>\n<td class=\"value\">\n<p style=\"text-align: center;\">&#8211;<\/p>\n<\/td>\n<\/tr>\n<tr class=\"techspec\">\n<td class=\"key\">\n<h4><strong>Popierius lapais<br \/>\n<\/strong><\/h4>\n<\/td>\n<td class=\"value\"><img decoding=\"async\" class=\"aligncenter\" src=\"http:\/\/www.indexbraille.com\/Website\/Templates\/IndexBraille\/Theme\/Images\/list-style-check.png\" \/><\/td>\n<\/tr>\n<tr class=\"techspec\">\n<td class=\"key\">\n<h4><strong>Popierius i\u0161 rulono<br \/>\n<\/strong><\/h4>\n<\/td>\n<td class=\"value\">\n<p style=\"text-align: center;\">&#8211;<\/p>\n<\/td>\n<\/tr>\n<tr class=\"techspec\">\n<td class=\"key\">\n<h4><strong>Popieriaus tiektuvo talpa<br \/>\n<\/strong><\/h4>\n<\/td>\n<td class=\"value\" style=\"text-align: center;\">50 lap\u0173<\/td>\n<\/tr>\n<tr class=\"techspec\">\n<td class=\"key\">\n<h4><strong>Popieriaus svoris<br \/>\n<\/strong><\/h4>\n<\/td>\n<td class=\"value\" style=\"text-align: center;\">120-180 g\/m2<\/td>\n<\/tr>\n<tr class=\"techspec\">\n<td class=\"key\">\n<h4><strong>Popieriaus plotis<br \/>\n<\/strong><\/h4>\n<\/td>\n<td class=\"value\" style=\"text-align: center;\">130-297 mm<\/td>\n<\/tr>\n<tr class=\"techspec\">\n<td class=\"key\">\n<h4><strong>Popieriaus ilgis<br \/>\n<\/strong><\/h4>\n<\/td>\n<td class=\"value\" style=\"text-align: center;\">100-590 mm<\/td>\n<\/tr>\n<tr class=\"techspec\">\n<td class=\"key\">\n<h4><strong>Kei\u010diamas lapo dydis<br \/>\n<\/strong><\/h4>\n<\/td>\n<td class=\"value\"><img decoding=\"async\" class=\"aligncenter\" src=\"http:\/\/www.indexbraille.com\/Website\/Templates\/IndexBraille\/Theme\/Images\/list-style-check.png\" \/><\/td>\n<\/tr>\n<tr class=\"techspec\">\n<td class=\"key\">\n<h4><strong>Nekei\u010diamas popieriaus dydis<br \/>\n<\/strong><\/h4>\n<\/td>\n<td class=\"value\">\n<p style=\"text-align: center;\">&#8211;<\/p>\n<\/td>\n<\/tr>\n<\/tbody>\n<\/table>\n","protected":false},"excerpt":{"rendered":"<p>U\u017e 400 puslapi\u0173\/val. Auk\u0161tos rai\u0161kos lyt\u0117jimo grafika Automatinis bro\u0161i\u016bros spausdinimas Vartotojo popieriaus dyd\u017eio nustatymas Spausdinimas i\u0161 ne\u0161iojam\u0173j\u0173 \u012frengini\u0173 Everest-D V5 patenkina plat\u0173 vartotoj\u0173 rat\u0105, nuo asmeninio vartojimo iki stambios Brailio gamybos. Jau kelis de\u0161imtme\u010dius Everest-D buvo daugiausiai parduodamas kaip lak\u0161tinio popieriaus Brailio spausdintuvas rinkoje. Su reguliuojamu popieriaus tiektuvu ir vartotojo nustatomu popieriaus formatu, Everest-D gali &hellip; <a href=\"https:\/\/bscentras.lt\/?page_id=239\" class=\"more-link\">Continue reading <span class=\"screen-reader-text\">Everest-D V5<\/span> <span class=\"meta-nav\">&rarr;<\/span><\/a><\/p>\n","protected":false},"author":1,"featured_media":0,"parent":42,"menu_order":0,"comment_status":"closed","ping_status":"closed","template":"","meta":{"footnotes":""},"class_list":["post-239","page","type-page","status-publish","hentry"],"_links":{"self":[{"href":"https:\/\/bscentras.lt\/index.php?rest_route=\/wp\/v2\/pages\/239","targetHints":{"allow":["GET"]}}],"collection":[{"href":"https:\/\/bscentras.lt\/index.php?rest_route=\/wp\/v2\/pages"}],"about":[{"href":"https:\/\/bscentras.lt\/index.php?rest_route=\/wp\/v2\/types\/page"}],"author":[{"embeddable":true,"href":"https:\/\/bscentras.lt\/index.php?rest_route=\/wp\/v2\/users\/1"}],"replies":[{"embeddable":true,"href":"https:\/\/bscentras.lt\/index.php?rest_route=%2Fwp%2Fv2%2Fcomments&post=239"}],"version-history":[{"count":6,"href":"https:\/\/bscentras.lt\/index.php?rest_route=\/wp\/v2\/pages\/239\/revisions"}],"predecessor-version":[{"id":278,"href":"https:\/\/bscentras.lt\/index.php?rest_route=\/wp\/v2\/pages\/239\/revisions\/278"}],"up":[{"embeddable":true,"href":"https:\/\/bscentras.lt\/index.php?rest_route=\/wp\/v2\/pages\/42"}],"wp:attachment":[{"href":"https:\/\/bscentras.lt\/index.php?rest_route=%2Fwp%2Fv2%2Fmedia&parent=239"}],"curies":[{"name":"wp","href":"https:\/\/api.w.org\/{rel}","templated":true}]}}