{"id":232,"date":"2016-12-20T09:47:39","date_gmt":"2016-12-20T06:47:39","guid":{"rendered":"http:\/\/Bscentras.lt\/?page_id=232"},"modified":"2021-10-04T21:18:41","modified_gmt":"2021-10-04T18:18:41","slug":"basic-v5","status":"publish","type":"page","link":"https:\/\/bscentras.lt\/?page_id=232","title":{"rendered":"Basic-D V5"},"content":{"rendered":"<p style=\"text-align: center;\"><a href=\"http:\/\/Bscentras.lt\/wp-content\/uploads\/2016\/12\/Index-basic-v5-bsc.jpg\"><img loading=\"lazy\" decoding=\"async\" class=\"alignnone size-medium wp-image-233\" src=\"http:\/\/Bscentras.lt\/wp-content\/uploads\/2016\/12\/Index-basic-v5-bsc-300x167.jpg\" alt=\"\" width=\"300\" height=\"167\" srcset=\"https:\/\/bscentras.lt\/wp-content\/uploads\/2016\/12\/Index-basic-v5-bsc-300x167.jpg 300w, https:\/\/bscentras.lt\/wp-content\/uploads\/2016\/12\/Index-basic-v5-bsc.jpg 744w\" sizes=\"auto, (max-width: 300px) 100vw, 300px\" \/><\/a><\/p>\n<ul>\n<li>310 puslapi\u0173\/val.<\/li>\n<li>Kompakti\u0161kas dydis ir nedidelis svoris<\/li>\n<li>Vartotojo nustatomas popieriaus dydis<\/li>\n<li>Spausdinimas i\u0161 ne\u0161iojam\u0173j\u0173 \u012frengini\u0173<\/li>\n<li>Labiausiai patikimas perforuoto popieriaus padavimas<\/li>\n<\/ul>\n<p><strong>Basic-D<\/strong> V5 yra ne\u0161iojamas ir galingas Brailio spausdintuvas nepertraukiamam perforuoto popieriaus spausdinimui. Jo nepaprastos eksploatacin\u0117s savyb\u0117s ir labai konkurencinga kaina, padaro labiausiai parduodama Brailio spausdintuv\u0105 pasaulyje.<br \/>\nPopieriaus padavimo konstrukcija u\u017etikrina skland\u0173 popieriaus padavim\u0105 vis\u0105 para. Kompakti\u0161kas Basic-D tinka bet kokio stalo. Jis puikiai tinka spausdinti Brail\u012f.<\/p>\n<p>Spausdintuvo techniniai duomenys:<\/p>\n<table id=\"techspecs\" class=\"list single-column-list\">\n<tbody>\n<tr class=\"techspec-category\">\n<th colspan=\"2\">\n<h3>Brailis<\/h3>\n<\/th>\n<\/tr>\n<tr class=\"techspec\">\n<td class=\"key\">\n<h4><strong>Spausdinimo greitis, Simboli\u0173 Per Sekund\u0119<br \/>\n<\/strong><\/h4>\n<\/td>\n<td class=\"value\" style=\"text-align: center;\">100 sps<\/td>\n<\/tr>\n<tr class=\"techspec\">\n<td class=\"key\">\n<h4><strong>Spausdina ant vienos lapo pus\u0117s<br \/>\n<\/strong><\/h4>\n<\/td>\n<td class=\"value\"><img decoding=\"async\" class=\"aligncenter\" src=\"http:\/\/www.indexbraille.com\/Website\/Templates\/IndexBraille\/Theme\/Images\/list-style-check.png\" \/><\/td>\n<\/tr>\n<tr class=\"techspec\">\n<td class=\"key\">\n<h4><strong>Spausdina ant abiej\u0173 lapo pusi\u0173<\/strong><\/h4>\n<\/td>\n<td class=\"value\"><img decoding=\"async\" class=\"aligncenter\" src=\"http:\/\/www.indexbraille.com\/Website\/Templates\/IndexBraille\/Theme\/Images\/list-style-check.png\" \/><\/td>\n<\/tr>\n<tr class=\"techspec\">\n<td class=\"key\">\n<h4><strong>Vertikalus spausdinimas<br \/>\n<\/strong><\/h4>\n<\/td>\n<td class=\"value\"><img decoding=\"async\" class=\"aligncenter\" src=\"http:\/\/www.indexbraille.com\/Website\/Templates\/IndexBraille\/Theme\/Images\/list-style-check.png\" \/><\/td>\n<\/tr>\n<tr class=\"techspec\">\n<td class=\"key\">\n<h4><strong>Kei\u010diamas tarpas tarp eilu\u010di\u0173<br \/>\n<\/strong><\/h4>\n<\/td>\n<td class=\"value\"><img decoding=\"async\" class=\"aligncenter\" src=\"http:\/\/www.indexbraille.com\/Website\/Templates\/IndexBraille\/Theme\/Images\/list-style-check.png\" \/><\/td>\n<\/tr>\n<tr class=\"techspec\">\n<td class=\"key\">\n<h4><strong>Brailio raid\u0117s dydis<br \/>\n<\/strong><\/h4>\n<\/td>\n<td class=\"value\" style=\"text-align: center;\">2.2, 2.5, 3.2 mm<\/td>\n<\/tr>\n<tr class=\"techspec\">\n<td class=\"key\">\n<h4><strong>Lyt\u0117jimo (taktilin\u0117s) grafikos rezoliucija<br \/>\n<\/strong><\/h4>\n<\/td>\n<td class=\"value\" style=\"text-align: center;\">100 dpi<\/td>\n<\/tr>\n<tr class=\"techspec\">\n<td class=\"key\">\n<h4><strong>Ta\u0161ko formavimo technologija<br \/>\n<\/strong><\/h4>\n<\/td>\n<td class=\"value\" style=\"text-align: center;\">galva su 13 metalini\u0173 plaktuk\u0173<\/td>\n<\/tr>\n<tr class=\"techspec-category\">\n<th colspan=\"2\">\n<h3>Jungtys<\/h3>\n<\/th>\n<\/tr>\n<tr class=\"techspec\">\n<td class=\"key\">\n<h4><strong>USB<\/strong><\/h4>\n<\/td>\n<td class=\"value\"><img decoding=\"async\" class=\"aligncenter\" src=\"http:\/\/www.indexbraille.com\/Website\/Templates\/IndexBraille\/Theme\/Images\/list-style-check.png\" \/><\/td>\n<\/tr>\n<tr class=\"techspec\">\n<td class=\"key\">\n<h4><strong><span id=\"result_box\" class=\"short_text\" lang=\"lt\"><span class=\"\">USB atminties kortel\u0117<\/span><\/span><\/strong><\/h4>\n<\/td>\n<td class=\"value\"><img decoding=\"async\" class=\"aligncenter\" src=\"http:\/\/www.indexbraille.com\/Website\/Templates\/IndexBraille\/Theme\/Images\/list-style-check.png\" \/><\/td>\n<\/tr>\n<tr class=\"techspec\">\n<td class=\"key\">\n<h4><strong>Wi-Fi tinklas<br \/>\n<\/strong><\/h4>\n<\/td>\n<td class=\"value\"><img decoding=\"async\" class=\"aligncenter\" src=\"http:\/\/www.indexbraille.com\/Website\/Templates\/IndexBraille\/Theme\/Images\/list-style-check.png\" \/><\/td>\n<\/tr>\n<tr class=\"techspec\">\n<td class=\"key\">\n<h4><strong>Interneto tinklas<br \/>\n<\/strong><\/h4>\n<\/td>\n<td class=\"value\"><img decoding=\"async\" class=\"aligncenter\" src=\"http:\/\/www.indexbraille.com\/Website\/Templates\/IndexBraille\/Theme\/Images\/list-style-check.png\" \/><\/td>\n<\/tr>\n<tr class=\"techspec\">\n<td class=\"key\">\n<h4><strong>Bluetooth<\/strong><\/h4>\n<\/td>\n<td class=\"value\"><img decoding=\"async\" class=\"aligncenter\" src=\"http:\/\/www.indexbraille.com\/Website\/Templates\/IndexBraille\/Theme\/Images\/list-style-check.png\" \/><\/td>\n<\/tr>\n<tr class=\"techspec\">\n<td class=\"key\">\n<h4><strong>Palaiko mobilius \u012frenginius<br \/>\n<\/strong><\/h4>\n<\/td>\n<td class=\"value\"><img decoding=\"async\" class=\"aligncenter\" src=\"http:\/\/www.indexbraille.com\/Website\/Templates\/IndexBraille\/Theme\/Images\/list-style-check.png\" \/><\/td>\n<\/tr>\n<tr class=\"techspec\">\n<td class=\"key\">\n<h4><strong>Spausdintuvo tvarkykl\u0117s Windows operacinei sistemai<br \/>\n<\/strong><\/h4>\n<\/td>\n<td class=\"value\"><img decoding=\"async\" class=\"aligncenter\" src=\"http:\/\/www.indexbraille.com\/Website\/Templates\/IndexBraille\/Theme\/Images\/list-style-check.png\" \/><\/td>\n<\/tr>\n<tr class=\"techspec\">\n<td class=\"key\">\n<h4><strong>Spausdintuvo tvarkykl\u0117 Mac operacinei sistemai<\/strong><\/h4>\n<\/td>\n<td class=\"value\"><img decoding=\"async\" class=\"aligncenter\" src=\"http:\/\/www.indexbraille.com\/Website\/Templates\/IndexBraille\/Theme\/Images\/list-style-check.png\" \/><\/td>\n<\/tr>\n<tr class=\"techspec\">\n<td class=\"key\">\n<h4><strong>Spausdintuvo tvarkykl\u0117 Linux operacinei sistemai<br \/>\n<\/strong><\/h4>\n<\/td>\n<td class=\"value\"><img decoding=\"async\" class=\"aligncenter\" src=\"http:\/\/www.indexbraille.com\/Website\/Templates\/IndexBraille\/Theme\/Images\/list-style-check.png\" \/><\/td>\n<\/tr>\n<tr class=\"techspec\">\n<td class=\"key\">\n<h4><strong>Web s\u0105saja<\/strong><\/h4>\n<\/td>\n<td class=\"value\"><img decoding=\"async\" class=\"aligncenter\" src=\"http:\/\/www.indexbraille.com\/Website\/Templates\/IndexBraille\/Theme\/Images\/list-style-check.png\" \/><\/td>\n<\/tr>\n<tr class=\"techspec\">\n<td class=\"key\">\n<h4><strong>Nemokamas programin\u0117s \u012frangos atnaujinimas<br \/>\n<\/strong><\/h4>\n<\/td>\n<td class=\"value\"><img decoding=\"async\" class=\"aligncenter\" src=\"http:\/\/www.indexbraille.com\/Website\/Templates\/IndexBraille\/Theme\/Images\/list-style-check.png\" \/><\/td>\n<\/tr>\n<tr class=\"techspec\">\n<td class=\"key\">\n<h4><strong>Palaiko idB<\/strong><\/h4>\n<\/td>\n<td class=\"value\"><img decoding=\"async\" class=\"aligncenter\" src=\"http:\/\/www.indexbraille.com\/Website\/Templates\/IndexBraille\/Theme\/Images\/list-style-check.png\" \/><\/td>\n<\/tr>\n<tr class=\"techspec-category\">\n<th colspan=\"2\">\n<h3>Elektra<\/h3>\n<\/th>\n<\/tr>\n<tr class=\"techspec\">\n<td class=\"key\">\n<h4><strong>\u012etampa<\/strong><\/h4>\n<\/td>\n<td class=\"value\" style=\"text-align: center;\">100-240 V AC<\/td>\n<\/tr>\n<tr class=\"techspec\">\n<td class=\"key\">\n<h4><strong>Did\u017eiausias galingumas<\/strong><\/h4>\n<\/td>\n<td class=\"value\" style=\"text-align: center;\">140 W<\/td>\n<\/tr>\n<tr class=\"techspec\">\n<td class=\"key\">\n<h4><strong>Galingumas &#8220;miego&#8221; re\u017eimu<br \/>\n<\/strong><\/h4>\n<\/td>\n<td class=\"value\" style=\"text-align: center;\">5 W<\/td>\n<\/tr>\n<tr class=\"techspec\">\n<td class=\"key\">\n<h4><strong>Bud\u0117jimo re\u017eimu<br \/>\n<\/strong><\/h4>\n<\/td>\n<td class=\"value\" style=\"text-align: center;\">0.05 W<\/td>\n<\/tr>\n<tr class=\"techspec\">\n<td class=\"key\">\n<h4><strong>Mygtukas prietaiso \u012fjungimui<br \/>\n<\/strong><\/h4>\n<\/td>\n<td class=\"value\"><img decoding=\"async\" class=\"aligncenter\" src=\"http:\/\/www.indexbraille.com\/Website\/Templates\/IndexBraille\/Theme\/Images\/list-style-check.png\" \/><\/td>\n<\/tr>\n<tr class=\"techspec-category\">\n<th colspan=\"2\">\n<h3>Kiti duomenys<\/h3>\n<\/th>\n<\/tr>\n<tr class=\"techspec\">\n<td class=\"key\">\n<h4><strong>Garantija<\/strong><\/h4>\n<\/td>\n<td class=\"value\" style=\"text-align: center;\">2 metai<\/td>\n<\/tr>\n<tr class=\"techspec\">\n<td class=\"key\">\n<h4><strong>cps\/1000 USD<\/strong><\/h4>\n<\/td>\n<td class=\"value\" style=\"text-align: center;\">27<\/td>\n<\/tr>\n<tr class=\"techspec-category\">\n<th colspan=\"2\">\n<h3>I\u0161matavimai<\/h3>\n<\/th>\n<\/tr>\n<tr class=\"techspec\">\n<td class=\"key\">\n<h4><strong>Auk\u0161tis<\/strong><\/h4>\n<\/td>\n<td class=\"value\" style=\"text-align: center;\">13 cm<\/td>\n<\/tr>\n<tr class=\"techspec\">\n<td class=\"key\">\n<h4><strong>Plotis<\/strong><\/h4>\n<\/td>\n<td class=\"value\" style=\"text-align: center;\">52 cm<\/td>\n<\/tr>\n<tr class=\"techspec\">\n<td class=\"key\">\n<h4><strong>Ilgis<br \/>\n<\/strong><\/h4>\n<\/td>\n<td class=\"value\" style=\"text-align: center;\">26 cm<\/td>\n<\/tr>\n<tr class=\"techspec\">\n<td class=\"key\">\n<h4><strong>T\u016bris<\/strong><\/h4>\n<\/td>\n<td class=\"value\" style=\"text-align: center;\">18 dm<sup>3<\/sup><\/td>\n<\/tr>\n<tr class=\"techspec\">\n<td class=\"key\">\n<h4><strong>Svoris<\/strong><\/h4>\n<\/td>\n<td class=\"value\" style=\"text-align: center;\">8 kg<\/td>\n<\/tr>\n<tr class=\"techspec\">\n<td class=\"key\">\n<h4><strong>Triuk\u0161mo lygis<br \/>\n<\/strong><\/h4>\n<\/td>\n<td class=\"value\" style=\"text-align: center;\">80 dB(A)<\/td>\n<\/tr>\n<tr class=\"techspec-category\">\n<th colspan=\"2\">\n<h3>Popierius<\/h3>\n<\/th>\n<\/tr>\n<tr class=\"techspec\">\n<td class=\"key\">\n<h4><strong>Perforuotam popieriui<br \/>\n<\/strong><\/h4>\n<\/td>\n<td class=\"value\">\n<p style=\"text-align: center;\"><img decoding=\"async\" class=\"aligncenter\" src=\"http:\/\/www.indexbraille.com\/Website\/Templates\/IndexBraille\/Theme\/Images\/list-style-check.png\" \/><\/p>\n<\/td>\n<\/tr>\n<tr class=\"techspec\">\n<td class=\"key\">\n<h4><strong>Popierius lapais<br \/>\n<\/strong><\/h4>\n<\/td>\n<td class=\"value\" style=\"text-align: center;\">&#8211;<\/td>\n<\/tr>\n<tr class=\"techspec\">\n<td class=\"key\">\n<h4><strong>Popierius i\u0161 rulono<br \/>\n<\/strong><\/h4>\n<\/td>\n<td class=\"value\">\n<p style=\"text-align: center;\">&#8211;<\/p>\n<\/td>\n<\/tr>\n<tr class=\"techspec\">\n<td class=\"key\">\n<h4><strong>Popieriaus tiektuvo talpa<br \/>\n<\/strong><\/h4>\n<\/td>\n<td class=\"value\" style=\"text-align: center;\"><\/td>\n<\/tr>\n<tr class=\"techspec\">\n<td class=\"key\">\n<h4><strong>Popieriaus svoris<br \/>\n<\/strong><\/h4>\n<\/td>\n<td class=\"value\" style=\"text-align: center;\">120-180 g\/m2<\/td>\n<\/tr>\n<tr class=\"techspec\">\n<td class=\"key\">\n<h4><strong>Popieriaus plotis<br \/>\n<\/strong><\/h4>\n<\/td>\n<td class=\"value\" style=\"text-align: center;\">100-325 mm (A3)<\/td>\n<\/tr>\n<tr class=\"techspec\">\n<td class=\"key\">\n<h4><strong>Popieriaus ilgis<br \/>\n<\/strong><\/h4>\n<\/td>\n<td class=\"value\" style=\"text-align: center;\">25-431 mm<\/td>\n<\/tr>\n<tr class=\"techspec\">\n<td class=\"key\">\n<h4><strong>Kei\u010diamas lapo dysis<br \/>\n<\/strong><\/h4>\n<\/td>\n<td class=\"value\"><img decoding=\"async\" class=\"aligncenter\" src=\"http:\/\/www.indexbraille.com\/Website\/Templates\/IndexBraille\/Theme\/Images\/list-style-check.png\" \/><\/td>\n<\/tr>\n<tr class=\"techspec\">\n<td class=\"key\">\n<h4><strong>Nekei\u010diamas popieriaus dydis<br \/>\n<\/strong><\/h4>\n<\/td>\n<td class=\"value\">\n<p style=\"text-align: center;\">&#8211;<\/p>\n<\/td>\n<\/tr>\n<\/tbody>\n<\/table>\n","protected":false},"excerpt":{"rendered":"<p>310 puslapi\u0173\/val. Kompakti\u0161kas dydis ir nedidelis svoris Vartotojo nustatomas popieriaus dydis Spausdinimas i\u0161 ne\u0161iojam\u0173j\u0173 \u012frengini\u0173 Labiausiai patikimas perforuoto popieriaus padavimas Basic-D V5 yra ne\u0161iojamas ir galingas Brailio spausdintuvas nepertraukiamam perforuoto popieriaus spausdinimui. Jo nepaprastos eksploatacin\u0117s savyb\u0117s ir labai konkurencinga kaina, padaro labiausiai parduodama Brailio spausdintuv\u0105 pasaulyje. Popieriaus padavimo konstrukcija u\u017etikrina skland\u0173 popieriaus padavim\u0105 vis\u0105 para. &hellip; <a href=\"https:\/\/bscentras.lt\/?page_id=232\" class=\"more-link\">Continue reading <span class=\"screen-reader-text\">Basic-D V5<\/span> <span class=\"meta-nav\">&rarr;<\/span><\/a><\/p>\n","protected":false},"author":1,"featured_media":0,"parent":42,"menu_order":0,"comment_status":"closed","ping_status":"closed","template":"","meta":{"footnotes":""},"class_list":["post-232","page","type-page","status-publish","hentry"],"_links":{"self":[{"href":"https:\/\/bscentras.lt\/index.php?rest_route=\/wp\/v2\/pages\/232","targetHints":{"allow":["GET"]}}],"collection":[{"href":"https:\/\/bscentras.lt\/index.php?rest_route=\/wp\/v2\/pages"}],"about":[{"href":"https:\/\/bscentras.lt\/index.php?rest_route=\/wp\/v2\/types\/page"}],"author":[{"embeddable":true,"href":"https:\/\/bscentras.lt\/index.php?rest_route=\/wp\/v2\/users\/1"}],"replies":[{"embeddable":true,"href":"https:\/\/bscentras.lt\/index.php?rest_route=%2Fwp%2Fv2%2Fcomments&post=232"}],"version-history":[{"count":7,"href":"https:\/\/bscentras.lt\/index.php?rest_route=\/wp\/v2\/pages\/232\/revisions"}],"predecessor-version":[{"id":277,"href":"https:\/\/bscentras.lt\/index.php?rest_route=\/wp\/v2\/pages\/232\/revisions\/277"}],"up":[{"embeddable":true,"href":"https:\/\/bscentras.lt\/index.php?rest_route=\/wp\/v2\/pages\/42"}],"wp:attachment":[{"href":"https:\/\/bscentras.lt\/index.php?rest_route=%2Fwp%2Fv2%2Fmedia&parent=232"}],"curies":[{"name":"wp","href":"https:\/\/api.w.org\/{rel}","templated":true}]}}