{"id":2,"date":"2014-05-09T04:35:09","date_gmt":"2014-05-09T04:35:09","guid":{"rendered":"http:\/\/Bscentras.lt\/?page_id=2"},"modified":"2025-03-23T15:14:43","modified_gmt":"2025-03-23T12:14:43","slug":"sample-page","status":"publish","type":"page","link":"https:\/\/bscentras.lt\/","title":{"rendered":"Paslaugos"},"content":{"rendered":"<p style=\"padding-left: 30px;\"><strong>Brailio spauda<\/strong><\/p>\n<p>Spausdiname Brailio ra\u0161t\u0105 ant popieriaus, kartono, lipnios pl\u0117vel\u0117s, lipnaus popieriaus.<\/p>\n<p style=\"padding-left: 30px;\"><strong>Informaciniai u\u017era\u0161ai<\/strong><\/p>\n<p>Gaminame Brailio u\u017era\u0161us ant lak\u0161to (aliuminis, \u017ealvaris) iki 3 mm storio. <br \/>Ruo\u0161inio matmenys 600 x 800 mm. <a href=\"http:\/\/bscentras.lt\/wp-content\/uploads\/2023\/01\/brailis-zalvaris-2-mm-1-scaled.jpg\">Pvz<\/a><\/p>\n<p>Gaminame Brailio u\u017era\u0161us ant folijos iki 0,5 mm storio. <br \/>Formato dydis nuo\u00a0 A5 iki A1 formato.<br \/>Folija gali b\u016bti aliuminio, \u017ealvario, vario. <br \/>Folija su\/be besiklijuojan\u010diu pagrindu.<br \/>Tinka lauko s\u0105lygom. <a href=\"http:\/\/bscentras.lt\/wp-content\/uploads\/2021\/11\/IMG_20211101_114615-scaled.jpg\">Pvz<\/a><\/p>\n<p>Gaminame Brailio u\u017era\u0161us ant organinio stiklo, storis nuo 1,5 mm iki 10 mm. <br \/>Formato dydis nuo\u00a0 A5 iki A1 formato.<br \/>\u012e stikl\u0105 \u012fstatomi specialus \u0161ratukai. \u0160ratuko spalva skaidri, juoda. <a href=\"http:\/\/Bscentras.lt\/wp-content\/uploads\/2023\/01\/zemaiciu-kalnelis-brailis-scaled.jpg\">Pvz<\/a><\/p>\n<p>Gaminame informacines lenteles i\u0161 ner\u016bdijan\u010dio plieno, Storis 0,6 mm. Lentel\u0117s gali b\u016bti lygios, gali b\u016bti lentos pagal tur\u0117klo diametr\u0105. Lentel\u0117se galime i\u0161spausti rodykles. Galime pagaminti su regin\u010di\u0173j\u0173 raid\u0117mis, jos bus i\u0161pjautos. Lentel\u0117s klijuojasi specialiai klijais arba kniedijasi.<\/p>\n<p>Tekst\u0173 paruo\u0161imas Brailio spaudai. Brailio spauda ant popieriaus.<\/p>\n\n\n<p><\/p>\n","protected":false},"excerpt":{"rendered":"<p>Brailio spauda Spausdiname Brailio ra\u0161t\u0105 ant popieriaus, kartono, lipnios pl\u0117vel\u0117s, lipnaus popieriaus. Informaciniai u\u017era\u0161ai Gaminame Brailio u\u017era\u0161us ant lak\u0161to (aliuminis, \u017ealvaris) iki 3 mm storio. Ruo\u0161inio matmenys 600 x 800 mm. Pvz Gaminame Brailio u\u017era\u0161us ant folijos iki 0,5 mm storio. Formato dydis nuo\u00a0 A5 iki A1 formato.Folija gali b\u016bti aliuminio, \u017ealvario, vario. Folija su\/be &hellip; <a href=\"https:\/\/bscentras.lt\/\" class=\"more-link\">Continue reading <span class=\"screen-reader-text\">Paslaugos<\/span> <span class=\"meta-nav\">&rarr;<\/span><\/a><\/p>\n","protected":false},"author":1,"featured_media":0,"parent":0,"menu_order":0,"comment_status":"closed","ping_status":"closed","template":"","meta":{"footnotes":""},"class_list":["post-2","page","type-page","status-publish","hentry"],"_links":{"self":[{"href":"https:\/\/bscentras.lt\/index.php?rest_route=\/wp\/v2\/pages\/2","targetHints":{"allow":["GET"]}}],"collection":[{"href":"https:\/\/bscentras.lt\/index.php?rest_route=\/wp\/v2\/pages"}],"about":[{"href":"https:\/\/bscentras.lt\/index.php?rest_route=\/wp\/v2\/types\/page"}],"author":[{"embeddable":true,"href":"https:\/\/bscentras.lt\/index.php?rest_route=\/wp\/v2\/users\/1"}],"replies":[{"embeddable":true,"href":"https:\/\/bscentras.lt\/index.php?rest_route=%2Fwp%2Fv2%2Fcomments&post=2"}],"version-history":[{"count":30,"href":"https:\/\/bscentras.lt\/index.php?rest_route=\/wp\/v2\/pages\/2\/revisions"}],"predecessor-version":[{"id":799,"href":"https:\/\/bscentras.lt\/index.php?rest_route=\/wp\/v2\/pages\/2\/revisions\/799"}],"wp:attachment":[{"href":"https:\/\/bscentras.lt\/index.php?rest_route=%2Fwp%2Fv2%2Fmedia&parent=2"}],"curies":[{"name":"wp","href":"https:\/\/api.w.org\/{rel}","templated":true}]}}